{"id":104,"date":"2020-03-25T19:25:03","date_gmt":"2020-03-25T19:25:03","guid":{"rendered":"http:\/\/ueluisalfredomartinez.edu.ec\/sitio\/?page_id=104"},"modified":"2021-09-01T17:41:47","modified_gmt":"2021-09-01T17:41:47","slug":"presentacion","status":"publish","type":"page","link":"http:\/\/ueluisalfredomartinez.edu.ec\/sitio\/presentacion\/","title":{"rendered":"Bienvenida"},"content":{"rendered":"\n<p>Querida Comunidad Educativa Luis Alfredo Martinez, hemos iniciado un nuevo a\u00f1o lectivo, agradecemos por la confianza en la propuesta educativa, pues esto nos compromete a que cada d\u00eda nos esforcemos para obtener mejores resultados en los distintos \u00e1mbitos del que hacer educativo.<\/p>\n\n\n\n<div class=\"wp-block-image is-style-default\"><figure class=\"alignright size-large is-resized\"><img loading=\"lazy\" src=\"http:\/\/ueluisalfredomartinez.edu.ec\/sitio\/wp-content\/uploads\/2020\/03\/SAM_9120-compressor-1024x768.jpg\" alt=\"\" class=\"wp-image-144\" width=\"438\" height=\"327\"\/><\/figure><\/div>\n\n\n\n<p>Est\u00e1 planificado la realizaci\u00f3n y cumplimiento de  actividades indicadas por el Ministerio de Educaci\u00f3n, esta es una oportunidad para dar a conocer nuestro trabajo a la sociedad, por tanto invito a todos los actores del proceso educativo: padres y madres de familia, estudiantes, docentes y autoridades, a asumir nuestra responsabilidad para que esta actividad resulte de lo mejor.<\/p>\n\n\n\n<p>Bienvenidos a este nuevo a\u00f1o lectivo 2021 &#8211; 2022, que esta p\u00e1gina web se convierta en un instrumento que apoye la organizaci\u00f3n institucional y familiar desde la \u00f3ptica educativa.<\/p>\n\n\n\n<p><strong>Lic. Ra\u00fal Simba\u00f1a<\/strong><\/p>\n\n\n\n<p><strong>REPRESENTANTE LEGAL<\/strong><\/p>\n\n\n\n<p><\/p>\n","protected":false},"excerpt":{"rendered":"<p>Querida Comunidad Educativa Luis Alfredo Martinez, hemos iniciado un nuevo a\u00f1o lectivo, agradecemos por la confianza en la propuesta educativa, &hellip; <\/p>\n","protected":false},"author":1,"featured_media":0,"parent":0,"menu_order":0,"comment_status":"closed","ping_status":"closed","template":"","meta":[],"_links":{"self":[{"href":"http:\/\/ueluisalfredomartinez.edu.ec\/sitio\/wp-json\/wp\/v2\/pages\/104"}],"collection":[{"href":"http:\/\/ueluisalfredomartinez.edu.ec\/sitio\/wp-json\/wp\/v2\/pages"}],"about":[{"href":"http:\/\/ueluisalfredomartinez.edu.ec\/sitio\/wp-json\/wp\/v2\/types\/page"}],"author":[{"embeddable":true,"href":"http:\/\/ueluisalfredomartinez.edu.ec\/sitio\/wp-json\/wp\/v2\/users\/1"}],"replies":[{"embeddable":true,"href":"http:\/\/ueluisalfredomartinez.edu.ec\/sitio\/wp-json\/wp\/v2\/comments?post=104"}],"version-history":[{"count":16,"href":"http:\/\/ueluisalfredomartinez.edu.ec\/sitio\/wp-json\/wp\/v2\/pages\/104\/revisions"}],"predecessor-version":[{"id":456,"href":"http:\/\/ueluisalfredomartinez.edu.ec\/sitio\/wp-json\/wp\/v2\/pages\/104\/revisions\/456"}],"wp:attachment":[{"href":"http:\/\/ueluisalfredomartinez.edu.ec\/sitio\/wp-json\/wp\/v2\/media?parent=104"}],"curies":[{"name":"wp","href":"https:\/\/api.w.org\/{rel}","templated":true}]}}