{"id":106,"date":"2020-03-25T19:25:03","date_gmt":"2020-03-25T19:25:03","guid":{"rendered":"http:\/\/ueluisalfredomartinez.edu.ec\/sitio\/?page_id=106"},"modified":"2020-04-02T00:40:50","modified_gmt":"2020-04-02T00:40:50","slug":"mision-y-vision","status":"publish","type":"page","link":"http:\/\/ueluisalfredomartinez.edu.ec\/sitio\/mision-y-vision\/","title":{"rendered":"Misi\u00f3n y Visi\u00f3n"},"content":{"rendered":"<p><br>\n<br>\n<!--StartFragment--><\/p>\n\n\n<h2>&nbsp;VISI\u00d3N<\/h2>\n\n\n\n<p>Nuestra Instituci\u00f3n fomenta educandos con una visi\u00f3n cr\u00edtica del mundo actual, permitiendo que estos puedan poner en pr\u00e1ctica su sapiencia para analizar, comprender y juzgar los conflictos de nuestra sociedad. <\/p>\n\n\n\n<h2>MISI\u00d3N<\/h2>\n\n\n\n<p>La Unidad Educativa  \u201cLuis Alfredo Mart\u00ednez\u201d, ofrece una educaci\u00f3n integral a la juventud, desarrolla un pensamiento cr\u00edtico reflexivo con actitud y valor humano, capaz de ampliar el crecimiento personal adapt\u00e1ndose al cambio social de la comunidad. \u00a0<\/p>\n\n\n<p><!--EndFragment--><br \/><br \/><\/p>","protected":false},"excerpt":{"rendered":"<p>&nbsp;VISI\u00d3N Nuestra Instituci\u00f3n fomenta educandos con una visi\u00f3n cr\u00edtica del mundo actual, permitiendo que estos puedan poner en pr\u00e1ctica su &hellip; <\/p>\n","protected":false},"author":1,"featured_media":0,"parent":0,"menu_order":0,"comment_status":"closed","ping_status":"closed","template":"","meta":[],"_links":{"self":[{"href":"http:\/\/ueluisalfredomartinez.edu.ec\/sitio\/wp-json\/wp\/v2\/pages\/106"}],"collection":[{"href":"http:\/\/ueluisalfredomartinez.edu.ec\/sitio\/wp-json\/wp\/v2\/pages"}],"about":[{"href":"http:\/\/ueluisalfredomartinez.edu.ec\/sitio\/wp-json\/wp\/v2\/types\/page"}],"author":[{"embeddable":true,"href":"http:\/\/ueluisalfredomartinez.edu.ec\/sitio\/wp-json\/wp\/v2\/users\/1"}],"replies":[{"embeddable":true,"href":"http:\/\/ueluisalfredomartinez.edu.ec\/sitio\/wp-json\/wp\/v2\/comments?post=106"}],"version-history":[{"count":2,"href":"http:\/\/ueluisalfredomartinez.edu.ec\/sitio\/wp-json\/wp\/v2\/pages\/106\/revisions"}],"predecessor-version":[{"id":189,"href":"http:\/\/ueluisalfredomartinez.edu.ec\/sitio\/wp-json\/wp\/v2\/pages\/106\/revisions\/189"}],"wp:attachment":[{"href":"http:\/\/ueluisalfredomartinez.edu.ec\/sitio\/wp-json\/wp\/v2\/media?parent=106"}],"curies":[{"name":"wp","href":"https:\/\/api.w.org\/{rel}","templated":true}]}}