{"id":107,"date":"2020-03-25T19:25:03","date_gmt":"2020-03-25T19:25:03","guid":{"rendered":"http:\/\/ueluisalfredomartinez.edu.ec\/sitio\/?page_id=107"},"modified":"2020-04-02T00:59:43","modified_gmt":"2020-04-02T00:59:43","slug":"modelo-educativo","status":"publish","type":"page","link":"http:\/\/ueluisalfredomartinez.edu.ec\/sitio\/modelo-educativo\/","title":{"rendered":"Oferta Acad\u00e9mica"},"content":{"rendered":"\n<div class=\"wp-block-image\"><figure class=\"alignleft size-large is-resized\"><img loading=\"lazy\" src=\"http:\/\/ueluisalfredomartinez.edu.ec\/sitio\/wp-content\/uploads\/2020\/03\/loginue.png\" alt=\"UNIDAD\" class=\"wp-image-5\" width=\"145\" height=\"171\"\/><\/figure><\/div>\n\n\n\n<p> <\/p>\n\n\n\n<p>UNIDAD EDUCATIVA \u201cLUIS ALFREDO MART\u00cdNEZ\u201d, oferta los siguientes niveles y subniveles de Educaci\u00f3n General B\u00e1sica, subniveles elemental, b\u00e1sica, superior, nivel Bachillerato General Unificado menci\u00f3n ciencias sociales; anexo ACUERDO Nro. MINEDUC-ME-2016-00020-A <\/p>\n","protected":false},"excerpt":{"rendered":"<p>UNIDAD EDUCATIVA \u201cLUIS ALFREDO MART\u00cdNEZ\u201d, oferta los siguientes niveles y subniveles de Educaci\u00f3n General B\u00e1sica, subniveles elemental, b\u00e1sica, superior, nivel &hellip; <\/p>\n","protected":false},"author":1,"featured_media":0,"parent":0,"menu_order":0,"comment_status":"closed","ping_status":"closed","template":"","meta":[],"_links":{"self":[{"href":"http:\/\/ueluisalfredomartinez.edu.ec\/sitio\/wp-json\/wp\/v2\/pages\/107"}],"collection":[{"href":"http:\/\/ueluisalfredomartinez.edu.ec\/sitio\/wp-json\/wp\/v2\/pages"}],"about":[{"href":"http:\/\/ueluisalfredomartinez.edu.ec\/sitio\/wp-json\/wp\/v2\/types\/page"}],"author":[{"embeddable":true,"href":"http:\/\/ueluisalfredomartinez.edu.ec\/sitio\/wp-json\/wp\/v2\/users\/1"}],"replies":[{"embeddable":true,"href":"http:\/\/ueluisalfredomartinez.edu.ec\/sitio\/wp-json\/wp\/v2\/comments?post=107"}],"version-history":[{"count":4,"href":"http:\/\/ueluisalfredomartinez.edu.ec\/sitio\/wp-json\/wp\/v2\/pages\/107\/revisions"}],"predecessor-version":[{"id":193,"href":"http:\/\/ueluisalfredomartinez.edu.ec\/sitio\/wp-json\/wp\/v2\/pages\/107\/revisions\/193"}],"wp:attachment":[{"href":"http:\/\/ueluisalfredomartinez.edu.ec\/sitio\/wp-json\/wp\/v2\/media?parent=107"}],"curies":[{"name":"wp","href":"https:\/\/api.w.org\/{rel}","templated":true}]}}