{"id":531,"date":"2023-07-13T02:38:04","date_gmt":"2023-07-13T02:38:04","guid":{"rendered":"http:\/\/ueluisalfredomartinez.edu.ec\/sitio\/?page_id=531"},"modified":"2023-07-16T03:35:04","modified_gmt":"2023-07-16T03:35:04","slug":"preparatoria-5-anos","status":"publish","type":"page","link":"http:\/\/ueluisalfredomartinez.edu.ec\/sitio\/preparatoria-5-anos\/","title":{"rendered":"PREPARATORIA (5 A\u00d1OS)"},"content":{"rendered":"\n<div class=\"wp-block-media-text alignwide is-stacked-on-mobile\" style=\"grid-template-columns:60% auto\"><figure class=\"wp-block-media-text__media\"><img loading=\"lazy\" width=\"1024\" height=\"741\" src=\"http:\/\/ueluisalfredomartinez.edu.ec\/sitio\/wp-content\/uploads\/2023\/07\/PREPARATORIA-1-1024x741.png\" alt=\"\" class=\"wp-image-575 size-full\" srcset=\"http:\/\/ueluisalfredomartinez.edu.ec\/sitio\/wp-content\/uploads\/2023\/07\/PREPARATORIA-1-1024x741.png 1024w, http:\/\/ueluisalfredomartinez.edu.ec\/sitio\/wp-content\/uploads\/2023\/07\/PREPARATORIA-1-300x217.png 300w, http:\/\/ueluisalfredomartinez.edu.ec\/sitio\/wp-content\/uploads\/2023\/07\/PREPARATORIA-1-768x556.png 768w, http:\/\/ueluisalfredomartinez.edu.ec\/sitio\/wp-content\/uploads\/2023\/07\/PREPARATORIA-1.png 1064w\" sizes=\"(max-width: 1024px) 100vw, 1024px\" \/><\/figure><div class=\"wp-block-media-text__content\">\n<p class=\"has-medium-font-size\"><strong><em>INTRODUCCI\u00d3N<\/em><\/strong><\/p>\n\n\n\n<p class=\"has-medium-font-size\">Los ni\u00f1os y ni\u00f1as de 2 a 5 a\u00f1os deben consumir un total de 1250 Kcal provenientes de los diferentes grupos de alimentos, distribuidos de la siguiente manera, aproximadamente:<\/p>\n<\/div><\/div>\n\n\n\n<h2>MENU MENSUAL<\/h2>\n\n\n\n<div class=\"wp-block-buttons\">\n<div class=\"wp-block-button\"><a class=\"wp-block-button__link has-luminous-vivid-amber-color has-vivid-red-background-color has-text-color has-background\" href=\"https:\/\/drive.google.com\/file\/d\/1th4i60zETCZa2jQa_jR8XKqxVYIxQg-5\/view?usp=sharing\" target=\"_blank\" rel=\"noreferrer noopener\">SEMANA 1<\/a><\/div>\n\n\n\n<div class=\"wp-block-button\"><a class=\"wp-block-button__link has-luminous-vivid-amber-color has-vivid-red-background-color has-text-color has-background\" href=\"https:\/\/drive.google.com\/file\/d\/1nIZnHF9eIXnnxEStVCgK3JwniACMmolI\/view?usp=sharing\" target=\"_blank\" rel=\"noreferrer noopener\">SEMANA 2<\/a><\/div>\n\n\n\n<div class=\"wp-block-button\"><a class=\"wp-block-button__link has-luminous-vivid-amber-color has-vivid-red-background-color has-text-color has-background\" href=\"https:\/\/drive.google.com\/file\/d\/1bsd-NhRJMPPxL_uD5JTCgS12gL6HzR6b\/view?usp=sharing\" target=\"_blank\" rel=\"noreferrer noopener\">SEMANA 3<\/a><\/div>\n\n\n\n<div class=\"wp-block-button\"><a class=\"wp-block-button__link has-luminous-vivid-amber-color has-vivid-red-background-color has-text-color has-background\" href=\"https:\/\/drive.google.com\/file\/d\/1fkQHe2obqaxuuFTQ6G-s88JbVPofoZ13\/view?usp=sharing\" target=\"_blank\" rel=\"noreferrer noopener\">SEMANA 4<\/a><\/div>\n<\/div>\n\n\n\n<p><\/p>\n","protected":false},"excerpt":{"rendered":"<p>INTRODUCCI\u00d3N Los ni\u00f1os y ni\u00f1as de 2 a 5 a\u00f1os deben consumir un total de 1250 Kcal provenientes de los &hellip; <\/p>\n","protected":false},"author":1,"featured_media":0,"parent":0,"menu_order":0,"comment_status":"open","ping_status":"closed","template":"","meta":[],"_links":{"self":[{"href":"http:\/\/ueluisalfredomartinez.edu.ec\/sitio\/wp-json\/wp\/v2\/pages\/531"}],"collection":[{"href":"http:\/\/ueluisalfredomartinez.edu.ec\/sitio\/wp-json\/wp\/v2\/pages"}],"about":[{"href":"http:\/\/ueluisalfredomartinez.edu.ec\/sitio\/wp-json\/wp\/v2\/types\/page"}],"author":[{"embeddable":true,"href":"http:\/\/ueluisalfredomartinez.edu.ec\/sitio\/wp-json\/wp\/v2\/users\/1"}],"replies":[{"embeddable":true,"href":"http:\/\/ueluisalfredomartinez.edu.ec\/sitio\/wp-json\/wp\/v2\/comments?post=531"}],"version-history":[{"count":6,"href":"http:\/\/ueluisalfredomartinez.edu.ec\/sitio\/wp-json\/wp\/v2\/pages\/531\/revisions"}],"predecessor-version":[{"id":584,"href":"http:\/\/ueluisalfredomartinez.edu.ec\/sitio\/wp-json\/wp\/v2\/pages\/531\/revisions\/584"}],"wp:attachment":[{"href":"http:\/\/ueluisalfredomartinez.edu.ec\/sitio\/wp-json\/wp\/v2\/media?parent=531"}],"curies":[{"name":"wp","href":"https:\/\/api.w.org\/{rel}","templated":true}]}}