{"id":533,"date":"2023-07-13T02:38:55","date_gmt":"2023-07-13T02:38:55","guid":{"rendered":"http:\/\/ueluisalfredomartinez.edu.ec\/sitio\/?page_id=533"},"modified":"2023-07-18T00:45:22","modified_gmt":"2023-07-18T00:45:22","slug":"basica-elemental-6-a-8-anos","status":"publish","type":"page","link":"http:\/\/ueluisalfredomartinez.edu.ec\/sitio\/basica-elemental-6-a-8-anos\/","title":{"rendered":"B\u00c1SICA ELEMENTAL (6 A 8 A\u00d1OS)"},"content":{"rendered":"\n<div class=\"wp-block-media-text alignwide has-media-on-the-right is-stacked-on-mobile\"><figure class=\"wp-block-media-text__media\"><img loading=\"lazy\" width=\"632\" height=\"627\" src=\"http:\/\/ueluisalfredomartinez.edu.ec\/sitio\/wp-content\/uploads\/2023\/07\/Elemental.jpg\" alt=\"\" class=\"wp-image-594 size-full\" srcset=\"http:\/\/ueluisalfredomartinez.edu.ec\/sitio\/wp-content\/uploads\/2023\/07\/Elemental.jpg 632w, http:\/\/ueluisalfredomartinez.edu.ec\/sitio\/wp-content\/uploads\/2023\/07\/Elemental-300x298.jpg 300w, http:\/\/ueluisalfredomartinez.edu.ec\/sitio\/wp-content\/uploads\/2023\/07\/Elemental-150x150.jpg 150w, http:\/\/ueluisalfredomartinez.edu.ec\/sitio\/wp-content\/uploads\/2023\/07\/Elemental-70x70.jpg 70w, http:\/\/ueluisalfredomartinez.edu.ec\/sitio\/wp-content\/uploads\/2023\/07\/Elemental-125x125.jpg 125w\" sizes=\"(max-width: 632px) 100vw, 632px\" \/><\/figure><div class=\"wp-block-media-text__content\">\n<p style=\"font-size:22px\"><strong><em>INTRODUCCI\u00d3N<\/em><\/strong><\/p>\n\n\n\n<p class=\"has-medium-font-size\">Los h\u00e1bitos alimentarios comienzan en la infancia. Los gustos, las costumbres, el paladar, se desarrolla en estos primeros a\u00f1os, por lo que es urgente que comencemos a tomarnos en serio lo que comen nuestros ni\u00f1os. Igual que cuidamos su higiene y su seguridad, es responsabilidad de los adultos formarse e informarse sobre lo mejor para ellos en cuanto a alimentaci\u00f3n.<\/p>\n<\/div><\/div>\n\n\n\n<div class=\"wp-block-buttons\">\n<div class=\"wp-block-button\"><a class=\"wp-block-button__link has-vivid-red-color has-text-color\">SEMANA 1<\/a><\/div>\n\n\n\n<div class=\"wp-block-button\"><a class=\"wp-block-button__link has-vivid-red-color has-text-color\" href=\"https:\/\/drive.google.com\/file\/d\/1YBLZ5AQQVOyxJbyoOclwEJQKnUtO6zUV\/view?usp=sharing\" target=\"_blank\" rel=\"noreferrer noopener\">SEMANA 2<\/a><\/div>\n\n\n\n<div class=\"wp-block-button\"><a class=\"wp-block-button__link has-vivid-red-color has-text-color\" href=\"https:\/\/drive.google.com\/file\/d\/1tL2A1hiEFtzgHehAVh3Liz3qwGKjYDmm\/view?usp=sharing\" target=\"_blank\" rel=\"noreferrer noopener\">SEMENA 3 <\/a><\/div>\n\n\n\n<div class=\"wp-block-button\"><a class=\"wp-block-button__link has-vivid-red-color has-text-color\" href=\"https:\/\/drive.google.com\/file\/d\/1SdGF5T8FLe_JVhEUtqXsrjw4CEOoB7qK\/view?usp=sharing\" target=\"_blank\" rel=\"noreferrer noopener\">SEMENA 4<\/a><\/div>\n<\/div>\n\n\n\n<p><\/p>\n","protected":false},"excerpt":{"rendered":"<p>INTRODUCCI\u00d3N Los h\u00e1bitos alimentarios comienzan en la infancia. Los gustos, las costumbres, el paladar, se desarrolla en estos primeros a\u00f1os, &hellip; <\/p>\n","protected":false},"author":1,"featured_media":0,"parent":0,"menu_order":0,"comment_status":"open","ping_status":"closed","template":"","meta":[],"_links":{"self":[{"href":"http:\/\/ueluisalfredomartinez.edu.ec\/sitio\/wp-json\/wp\/v2\/pages\/533"}],"collection":[{"href":"http:\/\/ueluisalfredomartinez.edu.ec\/sitio\/wp-json\/wp\/v2\/pages"}],"about":[{"href":"http:\/\/ueluisalfredomartinez.edu.ec\/sitio\/wp-json\/wp\/v2\/types\/page"}],"author":[{"embeddable":true,"href":"http:\/\/ueluisalfredomartinez.edu.ec\/sitio\/wp-json\/wp\/v2\/users\/1"}],"replies":[{"embeddable":true,"href":"http:\/\/ueluisalfredomartinez.edu.ec\/sitio\/wp-json\/wp\/v2\/comments?post=533"}],"version-history":[{"count":2,"href":"http:\/\/ueluisalfredomartinez.edu.ec\/sitio\/wp-json\/wp\/v2\/pages\/533\/revisions"}],"predecessor-version":[{"id":595,"href":"http:\/\/ueluisalfredomartinez.edu.ec\/sitio\/wp-json\/wp\/v2\/pages\/533\/revisions\/595"}],"wp:attachment":[{"href":"http:\/\/ueluisalfredomartinez.edu.ec\/sitio\/wp-json\/wp\/v2\/media?parent=533"}],"curies":[{"name":"wp","href":"https:\/\/api.w.org\/{rel}","templated":true}]}}