{"id":539,"date":"2023-07-13T02:41:04","date_gmt":"2023-07-13T02:41:04","guid":{"rendered":"http:\/\/ueluisalfredomartinez.edu.ec\/sitio\/?page_id=539"},"modified":"2023-07-18T01:00:41","modified_gmt":"2023-07-18T01:00:41","slug":"bachillerato-15-a-18-anos","status":"publish","type":"page","link":"http:\/\/ueluisalfredomartinez.edu.ec\/sitio\/bachillerato-15-a-18-anos\/","title":{"rendered":"BACHILLERATO (15 A 18 A\u00d1OS)"},"content":{"rendered":"\n<div class=\"wp-block-media-text alignwide is-stacked-on-mobile\"><figure class=\"wp-block-media-text__media\"><img loading=\"lazy\" width=\"762\" height=\"363\" src=\"http:\/\/ueluisalfredomartinez.edu.ec\/sitio\/wp-content\/uploads\/2023\/07\/BACHILLERATO-1.jpg\" alt=\"\" class=\"wp-image-600 size-full\" srcset=\"http:\/\/ueluisalfredomartinez.edu.ec\/sitio\/wp-content\/uploads\/2023\/07\/BACHILLERATO-1.jpg 762w, http:\/\/ueluisalfredomartinez.edu.ec\/sitio\/wp-content\/uploads\/2023\/07\/BACHILLERATO-1-300x143.jpg 300w\" sizes=\"(max-width: 762px) 100vw, 762px\" \/><\/figure><div class=\"wp-block-media-text__content\">\n<p class=\"has-medium-font-size\"><strong><em>INTRODUCCI\u00d3N<\/em><\/strong><\/p>\n\n\n\n<p class=\"has-medium-font-size\">Al interior del establecimiento, los ni\u00f1os se apremian por hacer fila y conseguir su refrigerio. Con precios muy econ\u00f3micos los escolares y adolescentes adquieren frutas, jugos, porciones de chocho, tostados, choclos, entre otros.<\/p>\n<\/div><\/div>\n\n\n\n<div class=\"wp-block-buttons\">\n<div class=\"wp-block-button\"><a class=\"wp-block-button__link has-pale-cyan-blue-color has-vivid-purple-background-color has-text-color has-background\" href=\"https:\/\/drive.google.com\/file\/d\/1cL_jZbr42LwjgCA5SbAmmgS2ztIxMc5h\/view?usp=sharing\" style=\"border-radius:41px\" target=\"_blank\" rel=\"noreferrer noopener\">SEMANA 1<\/a><\/div>\n\n\n\n<div class=\"wp-block-button\"><a class=\"wp-block-button__link has-pale-cyan-blue-color has-vivid-purple-background-color has-text-color has-background\" href=\"https:\/\/drive.google.com\/file\/d\/1fbUVvM_mCgXIIkh6YYaV9-OztiNgxuDC\/view?usp=sharing\" target=\"_blank\" rel=\"noreferrer noopener\">SEMANA 2<\/a><\/div>\n\n\n\n<div class=\"wp-block-button\"><a class=\"wp-block-button__link has-pale-cyan-blue-color has-vivid-purple-background-color has-text-color has-background\" href=\"https:\/\/drive.google.com\/file\/d\/1tL2A1hiEFtzgHehAVh3Liz3qwGKjYDmm\/view?usp=sharing\" target=\"_blank\" rel=\"noreferrer noopener\">SEMANA 3<\/a><\/div>\n\n\n\n<div class=\"wp-block-button\"><a class=\"wp-block-button__link has-pale-cyan-blue-color has-vivid-purple-background-color has-text-color has-background\" href=\"https:\/\/drive.google.com\/file\/d\/1Q4dT335v_KdGRdbmJkvK6EpYNonIgFCK\/view?usp=sharing\" target=\"_blank\" rel=\"noreferrer noopener\">SEMANA 4<\/a><\/div>\n<\/div>\n\n\n\n<p><\/p>\n","protected":false},"excerpt":{"rendered":"<p>INTRODUCCI\u00d3N Al interior del establecimiento, los ni\u00f1os se apremian por hacer fila y conseguir su refrigerio. Con precios muy econ\u00f3micos &hellip; <\/p>\n","protected":false},"author":1,"featured_media":0,"parent":0,"menu_order":0,"comment_status":"open","ping_status":"closed","template":"","meta":[],"_links":{"self":[{"href":"http:\/\/ueluisalfredomartinez.edu.ec\/sitio\/wp-json\/wp\/v2\/pages\/539"}],"collection":[{"href":"http:\/\/ueluisalfredomartinez.edu.ec\/sitio\/wp-json\/wp\/v2\/pages"}],"about":[{"href":"http:\/\/ueluisalfredomartinez.edu.ec\/sitio\/wp-json\/wp\/v2\/types\/page"}],"author":[{"embeddable":true,"href":"http:\/\/ueluisalfredomartinez.edu.ec\/sitio\/wp-json\/wp\/v2\/users\/1"}],"replies":[{"embeddable":true,"href":"http:\/\/ueluisalfredomartinez.edu.ec\/sitio\/wp-json\/wp\/v2\/comments?post=539"}],"version-history":[{"count":3,"href":"http:\/\/ueluisalfredomartinez.edu.ec\/sitio\/wp-json\/wp\/v2\/pages\/539\/revisions"}],"predecessor-version":[{"id":601,"href":"http:\/\/ueluisalfredomartinez.edu.ec\/sitio\/wp-json\/wp\/v2\/pages\/539\/revisions\/601"}],"wp:attachment":[{"href":"http:\/\/ueluisalfredomartinez.edu.ec\/sitio\/wp-json\/wp\/v2\/media?parent=539"}],"curies":[{"name":"wp","href":"https:\/\/api.w.org\/{rel}","templated":true}]}}